{"id":3817,"date":"2025-06-20T14:10:25","date_gmt":"2025-06-20T12:10:25","guid":{"rendered":"https:\/\/www.bluenco.it\/progetti\/"},"modified":"2025-08-29T10:39:42","modified_gmt":"2025-08-29T08:39:42","slug":"proyectos","status":"publish","type":"page","link":"https:\/\/www.bluenco.it\/es\/proyectos\/","title":{"rendered":"Proyectos"},"content":{"rendered":"<p><div class=\"fusion-fullwidth fullwidth-box fusion-builder-row-1 fusion-flex-container has-pattern-background has-mask-background nonhundred-percent-fullwidth non-hundred-percent-height-scrolling fusion-custom-z-index\" style=\"--awb-border-radius-top-left:30px;--awb-border-radius-top-right:30px;--awb-border-radius-bottom-right:30px;--awb-border-radius-bottom-left:30px;--awb-overflow:hidden;--awb-z-index:1;--awb-padding-top:120px;--awb-padding-bottom:30px;--awb-padding-top-medium:57px;--awb-margin-top:-50px;--awb-background-color:#f9f9f9;--awb-flex-wrap:wrap;\" ><div class=\"fusion-builder-row fusion-row fusion-flex-align-items-flex-start fusion-flex-justify-content-center fusion-flex-content-wrap\" style=\"max-width:1248px;margin-left: calc(-4% \/ 2 );margin-right: calc(-4% \/ 2 );\"><div class=\"fusion-layout-column fusion_builder_column fusion-builder-column-0 fusion_builder_column_5_6 5_6 fusion-flex-column\" style=\"--awb-bg-size:cover;--awb-width-large:83.333333333333%;--awb-spacing-right-large:2.304%;--awb-margin-bottom-large:0px;--awb-spacing-left-large:2.304%;--awb-width-medium:83.333333333333%;--awb-order-medium:0;--awb-spacing-right-medium:2.304%;--awb-spacing-left-medium:2.304%;--awb-width-small:100%;--awb-order-small:0;--awb-spacing-right-small:1.92%;--awb-spacing-left-small:1.92%;\"><div class=\"fusion-column-wrapper fusion-column-has-shadow fusion-flex-justify-content-flex-start fusion-content-layout-column\"><div class=\"fusion-title title fusion-title-1 fusion-sep-none fusion-title-center fusion-title-text fusion-title-size-two\" style=\"--awb-font-size:46px;\"><h2 class=\"fusion-title-heading title-heading-center fusion-responsive-typography-calculated\" style=\"font-family:&quot;Rubik&quot;;font-style:normal;font-weight:400;margin:0;font-size:1em;text-transform:none;--fontSize:46;line-height:1.2;\">Descubre nuestras aplicaciones pr\u00e1cticas<\/h2><\/div><div class=\"fusion-text fusion-text-1 fusion-text-no-margin\" style=\"--awb-content-alignment:center;--awb-margin-bottom:20px;\"><p>Cada instalaci\u00f3n de <strong>Bluenco<\/strong> surge de un reto espec\u00edfico, una necesidad productiva concreta y un di\u00e1logo t\u00e9cnico desarrollado junto al cliente. En esta secci\u00f3n presentamos los proyectos m\u00e1s representativos que hemos llevado a cabo para algunas empresas de referencia.<\/p>\n<\/div><\/div><\/div><\/div><\/div><div class=\"fusion-fullwidth fullwidth-box fusion-builder-row-2 fusion-flex-container has-pattern-background has-mask-background nonhundred-percent-fullwidth non-hundred-percent-height-scrolling\" style=\"--awb-border-radius-top-left:0px;--awb-border-radius-top-right:0px;--awb-border-radius-bottom-right:0px;--awb-border-radius-bottom-left:0px;--awb-flex-wrap:wrap;\" ><div class=\"fusion-builder-row fusion-row fusion-flex-align-items-flex-start fusion-flex-content-wrap\" style=\"max-width:1248px;margin-left: calc(-4% \/ 2 );margin-right: calc(-4% \/ 2 );\"><div class=\"fusion-layout-column fusion_builder_column fusion-builder-column-1 fusion_builder_column_1_1 1_1 fusion-flex-column\" style=\"--awb-bg-size:cover;--awb-width-large:100%;--awb-spacing-right-large:1.92%;--awb-margin-bottom-large:0px;--awb-spacing-left-large:1.92%;--awb-width-medium:100%;--awb-order-medium:0;--awb-spacing-right-medium:1.92%;--awb-spacing-left-medium:1.92%;--awb-width-small:100%;--awb-order-small:0;--awb-spacing-right-small:1.92%;--awb-spacing-left-small:1.92%;\"><div class=\"fusion-column-wrapper fusion-column-has-shadow fusion-flex-justify-content-flex-start fusion-content-layout-column\"><div class=\"fusion-post-cards fusion-post-cards-1 fusion-grid-archive fusion-grid-columns-3\" style=\"--awb-column-spacing:30px;--awb-dots-align:center;--awb-columns:3;--awb-active-filter-border-size:3px;--awb-filters-height:36px;--awb-row-spacing:30px;--awb-columns-medium:50%;--awb-columns-small:100%;\"><ul class=\"fusion-grid fusion-grid-3 fusion-flex-align-items-stretch fusion-grid-posts-cards\"><li class=\"fusion-layout-column fusion_builder_column fusion-builder-column-2 fusion-flex-column post-card fusion-grid-column fusion-post-cards-grid-column fusion-animated\" style=\"--awb-overflow:hidden;--awb-bg-position:center center;--awb-bg-blend:overlay;--awb-bg-size:cover;--awb-border-radius:10px 10px 10px 10px;\" data-scroll-devices=\"small-visibility,medium-visibility,large-visibility\" data-animationType=\"fadeIn\" data-animationDuration=\"1.3\" data-animationOffset=\"top-into-view\"><div class=\"fusion-column-wrapper fusion-column-has-shadow fusion-flex-justify-content-flex-end fusion-content-layout-row fusion-flex-align-items-stretch\"><div class=\"fusion-builder-row fusion-builder-row-inner fusion-row fusion-flex-align-items-flex-start fusion-flex-content-wrap\" style=\"width:104% !important;max-width:104% !important;margin-left: calc(-4% \/ 2 );margin-right: calc(-4% \/ 2 );\"><div class=\"fusion-layout-column fusion_builder_column_inner fusion-builder-nested-column-0 fusion_builder_column_inner_1_1 1_1 fusion-flex-column fusion-flex-align-self-stretch fusion-column-inner-bg-wrapper\" style=\"--awb-padding-top:300px;--awb-padding-right:70px;--awb-padding-bottom:20px;--awb-padding-left:20px;--awb-overflow:hidden;--awb-inner-bg-image:linear-gradient(180deg, rgba(255,255,255,0) 14%,rgba(4,38,150,0.9) 100%);;--awb-inner-bg-position:center center;--awb-inner-bg-size:cover;--awb-border-radius:10px 10px 10px 10px;--awb-inner-bg-border-radius:10px 10px 10px 10px;--awb-inner-bg-overflow:hidden;--awb-width-large:100%;--awb-spacing-right-large:1.92%;--awb-margin-bottom-large:0px;--awb-spacing-left-large:1.92%;--awb-width-medium:100%;--awb-order-medium:0;--awb-spacing-right-medium:1.92%;--awb-spacing-left-medium:1.92%;--awb-width-small:100%;--awb-order-small:0;--awb-spacing-right-small:1.92%;--awb-spacing-left-small:1.92%;\" data-scroll-devices=\"small-visibility,medium-visibility,large-visibility\"><span class=\"fusion-column-inner-bg hover-type-zoomin\"><a class=\"fusion-column-anchor\" href=\"https:\/\/www.bluenco.it\/es\/projects\/sicer-bluenco-automatizacion-a-medida-para-la-excelencia-ceramica\/\"><span class=\"fusion-column-inner-bg-image lazyload\" data-bg=\"https:\/\/www.bluenco.it\/wp-content\/uploads\/2025\/06\/FOTO-STABILIMENTO-PRODUTTIVO-TORRIANA-min.jpg\" data-bg-gradient=\"linear-gradient(180deg, rgba(255,255,255,0) 14%,rgba(4,38,150,0.9) 100%)\"><\/span><\/a><\/span><div class=\"fusion-column-wrapper fusion-column-has-shadow fusion-flex-justify-content-space-around fusion-content-layout-column fusion-column-has-bg-image\" data-bg-url=\"https:\/\/www.bluenco.it\/wp-content\/uploads\/2025\/06\/FOTO-STABILIMENTO-PRODUTTIVO-TORRIANA-min.jpg\"><div class=\"fusion-title title fusion-title-2 fusion-sep-none fusion-title-text fusion-title-size-paragraph\" style=\"--awb-text-color:var(--awb-color1);--awb-margin-bottom:3px;--awb-font-size:15px;\"><p class=\"fusion-title-heading title-heading-left title-heading-tag fusion-responsive-typography-calculated\" style=\"margin:0;font-size:1em;text-transform:uppercase;--fontSize:15;--minFontSize:15;line-height:1.3;\">Grupo sicer<\/p><\/div><div class=\"fusion-title title fusion-title-3 fusion-sep-none fusion-title-text fusion-title-size-paragraph\" style=\"--awb-text-color:var(--awb-color1);--awb-margin-bottom:3px;--awb-font-size:21px;\"><p class=\"fusion-title-heading title-heading-left title-heading-tag fusion-responsive-typography-calculated\" style=\"margin:0;font-size:1em;text-transform:none;--fontSize:21;--minFontSize:21;line-height:1.3;\">Sicer &#038; Bluenco: Automatizaci\u00f3n a medida para la excelencia cer\u00e1mica<\/p><\/div><div style=\"text-align:left;\"><a class=\"fusion-button button-flat fusion-button-default-size button-custom fusion-button-default button-1 fusion-button-default-span fusion-button-default-type\" style=\"--button_accent_color:var(--awb-color1);--button_accent_hover_color:var(--awb-color1);--button_border_hover_color:var(--awb-color1);--button_border_width-top:0px;--button_border_width-right:0px;--button_border_width-bottom:1px;--button_border_width-left:0px;--button-border-radius-top-left:0;--button-border-radius-top-right:0;--button-border-radius-bottom-right:0;--button-border-radius-bottom-left:0;--button_gradient_top_color:rgba(255,255,255,0);--button_gradient_bottom_color:rgba(255,255,255,0);--button_gradient_top_color_hover:rgba(255,255,255,0);--button_gradient_bottom_color_hover:rgba(255,255,255,0);--button_text_transform:uppercase;--button_font_size:15px;--button_padding-top:0px;--button_padding-right:0px;--button_padding-bottom:0px;--button_padding-left:0px;--button_typography-font-family:&quot;Rubik&quot;;--button_typography-font-style:normal;--button_typography-font-weight:400;--button_margin-bottom:10px;\" target=\"_self\" href=\"https:\/\/www.bluenco.it\/es\/projects\/sicer-bluenco-automatizacion-a-medida-para-la-excelencia-ceramica\/\"><span class=\"fusion-button-text awb-button__text awb-button__text--default\">DESCUBRE<\/span><\/a><\/div><\/div><\/div><\/div><\/div><\/li>\n<\/ul><div class=\"pagination clearfix\"><\/div><div class=\"fusion-clearfix\"><\/div><\/div><\/div><\/div><\/div><\/div><div class=\"fusion-fullwidth fullwidth-box fusion-builder-row-3 fusion-flex-container has-pattern-background has-mask-background nonhundred-percent-fullwidth non-hundred-percent-height-scrolling\" style=\"--awb-border-radius-top-left:0px;--awb-border-radius-top-right:0px;--awb-border-radius-bottom-right:0px;--awb-border-radius-bottom-left:0px;--awb-margin-top:70px;--awb-margin-bottom:70px;--awb-flex-wrap:wrap;\" ><div class=\"fusion-builder-row fusion-row fusion-flex-align-items-flex-start fusion-flex-content-wrap\" style=\"max-width:1248px;margin-left: calc(-4% \/ 2 );margin-right: calc(-4% \/ 2 );\"><div class=\"fusion-layout-column fusion_builder_column fusion-builder-column-3 fusion_builder_column_1_1 1_1 fusion-flex-column\" style=\"--awb-padding-top:40px;--awb-padding-right:60px;--awb-padding-bottom:40px;--awb-padding-left:60px;--awb-padding-right-medium:33px;--awb-padding-left-medium:33px;--awb-padding-right-small:22px;--awb-padding-left-small:22px;--awb-overflow:hidden;--awb-bg-color:var(--awb-color1);--awb-bg-color-hover:var(--awb-color1);--awb-bg-size:cover;--awb-border-radius:10px 10px 10px 10px;--awb-width-large:100%;--awb-spacing-right-large:1.92%;--awb-margin-bottom-large:0px;--awb-spacing-left-large:1.92%;--awb-width-medium:100%;--awb-order-medium:0;--awb-spacing-right-medium:1.92%;--awb-spacing-left-medium:1.92%;--awb-width-small:100%;--awb-order-small:0;--awb-spacing-right-small:1.92%;--awb-spacing-left-small:1.92%;\"><div class=\"fusion-column-wrapper fusion-column-has-shadow fusion-flex-justify-content-flex-start fusion-content-layout-column\"><div class=\"fusion-title title fusion-title-4 fusion-sep-none fusion-title-center fusion-title-text fusion-title-size-paragraph\" style=\"--awb-text-color:var(--awb-color8);--awb-font-size:38px;\"><p class=\"fusion-title-heading title-heading-center title-heading-tag fusion-responsive-typography-calculated\" style=\"font-family:&quot;Rubik&quot;;font-style:normal;font-weight:400;margin:0;font-size:1em;--fontSize:38;line-height:1.2;\">Optimizaci\u00f3n de Instalaciones Existentes<\/p><\/div><div class=\"fusion-text fusion-text-2\" style=\"--awb-content-alignment:center;\"><p>No siempre es necesario sustituir una instalaci\u00f3n para mejorar su rendimiento. A menudo, las intervenciones adecuadas bastan para hacerla m\u00e1s eficiente, segura y con un mayor nivel de desempe\u00f1o. <strong>Bluenco<\/strong> acompa\u00f1a a las empresas en la <strong>evaluaci\u00f3n t\u00e9cnica, modificaci\u00f3n y actualizaci\u00f3n de sus instalaciones existentes<\/strong>, con el objetivo de prolongar su vida \u00fatil y aumentar la productividad.<\/p>\n<\/div><\/div><\/div><\/div><\/div><div class=\"fusion-fullwidth fullwidth-box fusion-builder-row-4 fusion-flex-container has-pattern-background has-mask-background nonhundred-percent-fullwidth non-hundred-percent-height-scrolling fusion-custom-z-index\" style=\"--awb-border-radius-top-left:0px;--awb-border-radius-top-right:0px;--awb-border-radius-bottom-right:30px;--awb-border-radius-bottom-left:30px;--awb-overflow:hidden;--awb-z-index:1;--awb-padding-bottom:120px;--awb-padding-right-small:26px;--awb-padding-left-small:25px;--awb-margin-bottom:-30px;--awb-background-color:#f9f9f9;--awb-flex-wrap:wrap;\" ><div class=\"fusion-builder-row fusion-row fusion-flex-align-items-flex-start fusion-flex-justify-content-center fusion-flex-content-wrap\" style=\"max-width:1248px;margin-left: calc(-4% \/ 2 );margin-right: calc(-4% \/ 2 );\"><div class=\"fusion-layout-column fusion_builder_column fusion-builder-column-4 fusion_builder_column_5_6 5_6 fusion-flex-column\" style=\"--awb-bg-size:cover;--awb-width-large:83.333333333333%;--awb-spacing-right-large:2.304%;--awb-margin-bottom-large:0px;--awb-spacing-left-large:2.304%;--awb-width-medium:83.333333333333%;--awb-order-medium:0;--awb-spacing-right-medium:2.304%;--awb-spacing-left-medium:2.304%;--awb-width-small:100%;--awb-order-small:0;--awb-spacing-right-small:1.92%;--awb-spacing-left-small:1.92%;\"><div class=\"fusion-column-wrapper fusion-column-has-shadow fusion-flex-justify-content-flex-start fusion-content-layout-column\"><div class=\"fusion-title title fusion-title-5 fusion-sep-none fusion-title-center fusion-title-text fusion-title-size-paragraph\" style=\"--awb-text-color:var(--awb-color8);--awb-font-size:30px;\"><p class=\"fusion-title-heading title-heading-center title-heading-tag fusion-responsive-typography-calculated\" style=\"font-family:&quot;Rubik&quot;;font-style:normal;font-weight:400;margin:0;font-size:1em;--fontSize:30;line-height:1.5;\">Analizamos los procesos en uso, identificamos los puntos cr\u00edticos y proponemos soluciones a medida, con un enfoque flexible y orientado a resultados.<\/p><\/div><div style=\"text-align:center;\"><a class=\"fusion-button button-flat fusion-button-default-size button-custom fusion-button-default button-2 fusion-button-default-span fusion-button-default-type fusion-has-button-gradient\" style=\"--button_accent_color:var(--awb-color1);--button_accent_hover_color:var(--awb-color4);--button_border_hover_color:var(--awb-color4);--button_border_width-top:1px;--button_border_width-right:1px;--button_border_width-bottom:1px;--button_border_width-left:1px;--button-border-radius-top-left:50px;--button-border-radius-top-right:50px;--button-border-radius-bottom-right:50px;--button-border-radius-bottom-left:50px;--button_gradient_start:0%;--button_gradient_end:100%;--button_gradient_top_color:var(--awb-color5);--button_gradient_bottom_color:#002f82;--button_gradient_top_color_hover:var(--awb-color1);--button_gradient_bottom_color_hover:var(--awb-color1);--button_padding-top:15px;--button_padding-right:30px;--button_padding-bottom:15px;--button_padding-left:30px;--button_typography-font-family:&quot;Rubik&quot;;--button_typography-font-style:normal;--button_typography-font-weight:400;--button_margin-top:10px;\" target=\"_self\" href=\"\/es\/contactos\/\"><span class=\"fusion-button-text awb-button__text awb-button__text--default\">CONT\u00c1CTANOS<\/span><i class=\"fa-arrow-right fas awb-button__icon awb-button__icon--default button-icon-right\" aria-hidden=\"true\"><\/i><\/a><\/div><\/div><\/div><\/div><\/div><\/p>\n","protected":false},"excerpt":{"rendered":"","protected":false},"author":1,"featured_media":0,"parent":0,"menu_order":0,"comment_status":"closed","ping_status":"closed","template":"100-width.php","meta":{"footnotes":""},"class_list":["post-3817","page","type-page","status-publish","hentry"],"yoast_head":"<!-- This site is optimized with the Yoast SEO plugin v25.3 - https:\/\/yoast.com\/wordpress\/plugins\/seo\/ -->\n<title>Proyectos - Bluenco<\/title>\n<meta name=\"robots\" content=\"index, follow, max-snippet:-1, max-image-preview:large, max-video-preview:-1\" \/>\n<link rel=\"canonical\" href=\"https:\/\/www.bluenco.it\/progetti\/\" \/>\n<meta property=\"og:locale\" content=\"es_ES\" \/>\n<meta property=\"og:type\" content=\"article\" \/>\n<meta property=\"og:title\" content=\"Proyectos - Bluenco\" \/>\n<meta property=\"og:url\" content=\"https:\/\/www.bluenco.it\/progetti\/\" \/>\n<meta property=\"og:site_name\" content=\"Bluenco\" \/>\n<meta property=\"article:modified_time\" content=\"2025-08-29T08:39:42+00:00\" \/>\n<meta name=\"twitter:card\" content=\"summary_large_image\" \/>\n<meta name=\"twitter:label1\" content=\"Tiempo de lectura\" \/>\n\t<meta name=\"twitter:data1\" content=\"1 minuto\" \/>\n<script type=\"application\/ld+json\" class=\"yoast-schema-graph\">{\"@context\":\"https:\/\/schema.org\",\"@graph\":[{\"@type\":\"WebPage\",\"@id\":\"https:\/\/www.bluenco.it\/progetti\/\",\"url\":\"https:\/\/www.bluenco.it\/progetti\/\",\"name\":\"Proyectos - Bluenco\",\"isPartOf\":{\"@id\":\"https:\/\/www.bluenco.it\/#website\"},\"datePublished\":\"2025-06-20T12:10:25+00:00\",\"dateModified\":\"2025-08-29T08:39:42+00:00\",\"breadcrumb\":{\"@id\":\"https:\/\/www.bluenco.it\/progetti\/#breadcrumb\"},\"inLanguage\":\"es\",\"potentialAction\":[{\"@type\":\"ReadAction\",\"target\":[\"https:\/\/www.bluenco.it\/progetti\/\"]}]},{\"@type\":\"BreadcrumbList\",\"@id\":\"https:\/\/www.bluenco.it\/progetti\/#breadcrumb\",\"itemListElement\":[{\"@type\":\"ListItem\",\"position\":1,\"name\":\"Home\",\"item\":\"https:\/\/www.bluenco.it\/es\/\"},{\"@type\":\"ListItem\",\"position\":2,\"name\":\"Proyectos\"}]},{\"@type\":\"WebSite\",\"@id\":\"https:\/\/www.bluenco.it\/#website\",\"url\":\"https:\/\/www.bluenco.it\/\",\"name\":\"Bluenco\",\"description\":\"\",\"publisher\":{\"@id\":\"https:\/\/www.bluenco.it\/#organization\"},\"potentialAction\":[{\"@type\":\"SearchAction\",\"target\":{\"@type\":\"EntryPoint\",\"urlTemplate\":\"https:\/\/www.bluenco.it\/?s={search_term_string}\"},\"query-input\":{\"@type\":\"PropertyValueSpecification\",\"valueRequired\":true,\"valueName\":\"search_term_string\"}}],\"inLanguage\":\"es\"},{\"@type\":\"Organization\",\"@id\":\"https:\/\/www.bluenco.it\/#organization\",\"name\":\"Bluenco\",\"url\":\"https:\/\/www.bluenco.it\/\",\"logo\":{\"@type\":\"ImageObject\",\"inLanguage\":\"es\",\"@id\":\"https:\/\/www.bluenco.it\/#\/schema\/logo\/image\/\",\"url\":\"https:\/\/www.bluenco.it\/wp-content\/uploads\/2025\/09\/Logo-originale-4-400x92-1.png\",\"contentUrl\":\"https:\/\/www.bluenco.it\/wp-content\/uploads\/2025\/09\/Logo-originale-4-400x92-1.png\",\"width\":400,\"height\":92,\"caption\":\"Bluenco\"},\"image\":{\"@id\":\"https:\/\/www.bluenco.it\/#\/schema\/logo\/image\/\"},\"sameAs\":[\"https:\/\/www.linkedin.com\/company\/bluenco-srl\/\"]}]}<\/script>\n<!-- \/ Yoast SEO plugin. -->","yoast_head_json":{"title":"Proyectos - Bluenco","robots":{"index":"index","follow":"follow","max-snippet":"max-snippet:-1","max-image-preview":"max-image-preview:large","max-video-preview":"max-video-preview:-1"},"canonical":"https:\/\/www.bluenco.it\/progetti\/","og_locale":"es_ES","og_type":"article","og_title":"Proyectos - Bluenco","og_url":"https:\/\/www.bluenco.it\/progetti\/","og_site_name":"Bluenco","article_modified_time":"2025-08-29T08:39:42+00:00","twitter_card":"summary_large_image","twitter_misc":{"Tiempo de lectura":"1 minuto"},"schema":{"@context":"https:\/\/schema.org","@graph":[{"@type":"WebPage","@id":"https:\/\/www.bluenco.it\/progetti\/","url":"https:\/\/www.bluenco.it\/progetti\/","name":"Proyectos - Bluenco","isPartOf":{"@id":"https:\/\/www.bluenco.it\/#website"},"datePublished":"2025-06-20T12:10:25+00:00","dateModified":"2025-08-29T08:39:42+00:00","breadcrumb":{"@id":"https:\/\/www.bluenco.it\/progetti\/#breadcrumb"},"inLanguage":"es","potentialAction":[{"@type":"ReadAction","target":["https:\/\/www.bluenco.it\/progetti\/"]}]},{"@type":"BreadcrumbList","@id":"https:\/\/www.bluenco.it\/progetti\/#breadcrumb","itemListElement":[{"@type":"ListItem","position":1,"name":"Home","item":"https:\/\/www.bluenco.it\/es\/"},{"@type":"ListItem","position":2,"name":"Proyectos"}]},{"@type":"WebSite","@id":"https:\/\/www.bluenco.it\/#website","url":"https:\/\/www.bluenco.it\/","name":"Bluenco","description":"","publisher":{"@id":"https:\/\/www.bluenco.it\/#organization"},"potentialAction":[{"@type":"SearchAction","target":{"@type":"EntryPoint","urlTemplate":"https:\/\/www.bluenco.it\/?s={search_term_string}"},"query-input":{"@type":"PropertyValueSpecification","valueRequired":true,"valueName":"search_term_string"}}],"inLanguage":"es"},{"@type":"Organization","@id":"https:\/\/www.bluenco.it\/#organization","name":"Bluenco","url":"https:\/\/www.bluenco.it\/","logo":{"@type":"ImageObject","inLanguage":"es","@id":"https:\/\/www.bluenco.it\/#\/schema\/logo\/image\/","url":"https:\/\/www.bluenco.it\/wp-content\/uploads\/2025\/09\/Logo-originale-4-400x92-1.png","contentUrl":"https:\/\/www.bluenco.it\/wp-content\/uploads\/2025\/09\/Logo-originale-4-400x92-1.png","width":400,"height":92,"caption":"Bluenco"},"image":{"@id":"https:\/\/www.bluenco.it\/#\/schema\/logo\/image\/"},"sameAs":["https:\/\/www.linkedin.com\/company\/bluenco-srl\/"]}]}},"_links":{"self":[{"href":"https:\/\/www.bluenco.it\/es\/wp-json\/wp\/v2\/pages\/3817","targetHints":{"allow":["GET"]}}],"collection":[{"href":"https:\/\/www.bluenco.it\/es\/wp-json\/wp\/v2\/pages"}],"about":[{"href":"https:\/\/www.bluenco.it\/es\/wp-json\/wp\/v2\/types\/page"}],"author":[{"embeddable":true,"href":"https:\/\/www.bluenco.it\/es\/wp-json\/wp\/v2\/users\/1"}],"replies":[{"embeddable":true,"href":"https:\/\/www.bluenco.it\/es\/wp-json\/wp\/v2\/comments?post=3817"}],"version-history":[{"count":2,"href":"https:\/\/www.bluenco.it\/es\/wp-json\/wp\/v2\/pages\/3817\/revisions"}],"predecessor-version":[{"id":3819,"href":"https:\/\/www.bluenco.it\/es\/wp-json\/wp\/v2\/pages\/3817\/revisions\/3819"}],"wp:attachment":[{"href":"https:\/\/www.bluenco.it\/es\/wp-json\/wp\/v2\/media?parent=3817"}],"curies":[{"name":"wp","href":"https:\/\/api.w.org\/{rel}","templated":true}]}}